{"id":133,"date":"2023-04-12T18:24:28","date_gmt":"2023-04-12T16:24:28","guid":{"rendered":"https:\/\/www.cabonvicini.com\/servizi\/"},"modified":"2023-04-12T18:24:28","modified_gmt":"2023-04-12T16:24:28","slug":"servizi","status":"publish","type":"page","link":"https:\/\/www.cabonvicini.com\/it\/servizi\/","title":{"rendered":"Servizi"},"content":{"rendered":"<p>[vc_row row_type=&#8221;row&#8221; use_row_as_full_screen_section=&#8221;no&#8221; type=&#8221;grid&#8221; text_align=&#8221;left&#8221; padding_top=&#8221;40&#8243; padding_bottom=&#8221;40&#8243; css_animation=&#8221;&#8221;][vc_column width=&#8221;1\/2&#8243;][vc_column_text]<br \/>\nTutte le camere sono dotate di:<\/p>\n<ul>\n<li>arredamento tradizionale veneziano<\/li>\n<li>letto matrimoniale queen size o due letti singoli (solo su richiesta)<\/li>\n<li>bagno privato con doccia<\/li>\n<li>asciugacapelli<\/li>\n<li>articoli da toilette in omaggio<\/li>\n<li>minibar<\/li>\n<li>TV<\/li>\n<li>cassaforte<\/li>\n<li>wi-fi gratuito<\/li>\n<li>bollitore e tazze<\/li>\n<li>prese elettriche USB<\/li>\n<li>aria condizionata (vedi nota**)<\/li>\n<\/ul>\n<p>[\/vc_column_text][\/vc_column][vc_column width=&#8221;1\/2&#8243;][vc_empty_space height=&#8221;15px&#8221;][vc_single_image image=&#8221;46&#8243; img_size=&#8221;480&#215;330&#8243; onclick=&#8221;link_image&#8221; qode_css_animation=&#8221;&#8221;][\/vc_column][\/vc_row][vc_row row_type=&#8221;row&#8221; use_row_as_full_screen_section=&#8221;no&#8221; type=&#8221;full_width&#8221; text_align=&#8221;left&#8221; background_image=&#8221;64&#8243; padding_top=&#8221;60&#8243; padding_bottom=&#8221;70&#8243; css_animation=&#8221;&#8221;][vc_column][vc_column_text]<\/p>\n<p style=\"text-align: center;\">Eventuali richieste speciali devono essere inoltrate via e-mail.<br \/>\nI letti supplementari e la vista sul canale devono essere prenotati specificatamente selezionando la tipologia di camera appropriata.<\/p>\n<p style=\"text-align: center;\">** L&#8217;aria condizionata \u00e8 disponibile da circa inizio maggio a fine ottobre (a seconda del clima). Per il resto dell&#8217;anno, poich\u00e9 i sistemi si escludono a vicenda, \u00e8 attivo il riscaldamento.<\/p>\n<p>[\/vc_column_text][\/vc_column][\/vc_row]<\/p>\n","protected":false},"excerpt":{"rendered":"<p>[vc_row row_type=&#8221;row&#8221; use_row_as_full_screen_section=&#8221;no&#8221; type=&#8221;grid&#8221; text_align=&#8221;left&#8221; padding_top=&#8221;40&#8243; padding_bottom=&#8221;40&#8243; css_animation=&#8221;&#8221;][vc_column width=&#8221;1\/2&#8243;][vc_column_text] Tutte le camere sono dotate di: arredamento tradizionale veneziano letto matrimoniale queen size o due letti singoli (solo su richiesta) bagno privato con doccia asciugacapelli articoli da toilette in omaggio minibar TV cassaforte wi-fi gratuito bollitore&#8230;<\/p>\n","protected":false},"author":1,"featured_media":0,"parent":0,"menu_order":0,"comment_status":"closed","ping_status":"closed","template":"full_width.php","meta":[],"yoast_head":"<!-- This site is optimized with the Yoast SEO plugin v17.7.1 - https:\/\/yoast.com\/wordpress\/plugins\/seo\/ -->\n<meta name=\"robots\" content=\"index, follow, max-snippet:-1, max-image-preview:large, max-video-preview:-1\" \/>\n<link rel=\"canonical\" href=\"https:\/\/www.cabonvicini.com\/it\/servizi\/\" \/>\n<meta property=\"og:locale\" content=\"it_IT\" \/>\n<meta property=\"og:type\" content=\"article\" \/>\n<meta property=\"og:title\" content=\"Servizi - Ca&#039; Bonvicini Venezia - Official Website\" \/>\n<meta property=\"og:description\" content=\"[vc_row row_type=&#8221;row&#8221; use_row_as_full_screen_section=&#8221;no&#8221; type=&#8221;grid&#8221; text_align=&#8221;left&#8221; padding_top=&#8221;40&#8243; padding_bottom=&#8221;40&#8243; css_animation=&#8221;&#8221;][vc_column width=&#8221;1\/2&#8243;][vc_column_text] Tutte le camere sono dotate di: arredamento tradizionale veneziano letto matrimoniale queen size o due letti singoli (solo su richiesta) bagno privato con doccia asciugacapelli articoli da toilette in omaggio minibar TV cassaforte wi-fi gratuito bollitore...\" \/>\n<meta property=\"og:url\" content=\"https:\/\/www.cabonvicini.com\/it\/servizi\/\" \/>\n<meta property=\"og:site_name\" content=\"Ca&#039; Bonvicini Venezia - Official Website\" \/>\n<meta name=\"twitter:card\" content=\"summary\" \/>\n<meta name=\"twitter:label1\" content=\"Tempo di lettura stimato\" \/>\n\t<meta name=\"twitter:data1\" content=\"1 minuto\" \/>\n<script type=\"application\/ld+json\" class=\"yoast-schema-graph\">{\"@context\":\"https:\/\/schema.org\",\"@graph\":[{\"@type\":\"Organization\",\"@id\":\"https:\/\/www.cabonvicini.com\/it\/#organization\",\"name\":\"Ca' Bonvicini B&B - Venezia\",\"url\":\"https:\/\/www.cabonvicini.com\/it\/\",\"sameAs\":[],\"logo\":{\"@type\":\"ImageObject\",\"@id\":\"https:\/\/www.cabonvicini.com\/it\/#logo\",\"inLanguage\":\"it-IT\",\"url\":\"https:\/\/www.cabonvicini.com\/wp-content\/uploads\/2016\/02\/logo-bonvicini3.png\",\"contentUrl\":\"https:\/\/www.cabonvicini.com\/wp-content\/uploads\/2016\/02\/logo-bonvicini3.png\",\"width\":243,\"height\":95,\"caption\":\"Ca' Bonvicini B&B - Venezia\"},\"image\":{\"@id\":\"https:\/\/www.cabonvicini.com\/it\/#logo\"}},{\"@type\":\"WebSite\",\"@id\":\"https:\/\/www.cabonvicini.com\/it\/#website\",\"url\":\"https:\/\/www.cabonvicini.com\/it\/\",\"name\":\"Ca&#039; Bonvicini Venezia - Official Website\",\"description\":\"\",\"publisher\":{\"@id\":\"https:\/\/www.cabonvicini.com\/it\/#organization\"},\"potentialAction\":[{\"@type\":\"SearchAction\",\"target\":{\"@type\":\"EntryPoint\",\"urlTemplate\":\"https:\/\/www.cabonvicini.com\/it\/?s={search_term_string}\"},\"query-input\":\"required name=search_term_string\"}],\"inLanguage\":\"it-IT\"},{\"@type\":\"WebPage\",\"@id\":\"https:\/\/www.cabonvicini.com\/it\/servizi\/#webpage\",\"url\":\"https:\/\/www.cabonvicini.com\/it\/servizi\/\",\"name\":\"Servizi - Ca&#039; Bonvicini Venezia - Official Website\",\"isPartOf\":{\"@id\":\"https:\/\/www.cabonvicini.com\/it\/#website\"},\"datePublished\":\"2023-04-12T16:24:28+00:00\",\"dateModified\":\"2023-04-12T16:24:28+00:00\",\"breadcrumb\":{\"@id\":\"https:\/\/www.cabonvicini.com\/it\/servizi\/#breadcrumb\"},\"inLanguage\":\"it-IT\",\"potentialAction\":[{\"@type\":\"ReadAction\",\"target\":[\"https:\/\/www.cabonvicini.com\/it\/servizi\/\"]}]},{\"@type\":\"BreadcrumbList\",\"@id\":\"https:\/\/www.cabonvicini.com\/it\/servizi\/#breadcrumb\",\"itemListElement\":[{\"@type\":\"ListItem\",\"position\":1,\"name\":\"Home\",\"item\":\"https:\/\/www.cabonvicini.com\/it\/\"},{\"@type\":\"ListItem\",\"position\":2,\"name\":\"Servizi\"}]}]}<\/script>\n<!-- \/ Yoast SEO plugin. -->","yoast_head_json":{"robots":{"index":"index","follow":"follow","max-snippet":"max-snippet:-1","max-image-preview":"max-image-preview:large","max-video-preview":"max-video-preview:-1"},"canonical":"https:\/\/www.cabonvicini.com\/it\/servizi\/","og_locale":"it_IT","og_type":"article","og_title":"Servizi - Ca&#039; Bonvicini Venezia - Official Website","og_description":"[vc_row row_type=&#8221;row&#8221; use_row_as_full_screen_section=&#8221;no&#8221; type=&#8221;grid&#8221; text_align=&#8221;left&#8221; padding_top=&#8221;40&#8243; padding_bottom=&#8221;40&#8243; css_animation=&#8221;&#8221;][vc_column width=&#8221;1\/2&#8243;][vc_column_text] Tutte le camere sono dotate di: arredamento tradizionale veneziano letto matrimoniale queen size o due letti singoli (solo su richiesta) bagno privato con doccia asciugacapelli articoli da toilette in omaggio minibar TV cassaforte wi-fi gratuito bollitore...","og_url":"https:\/\/www.cabonvicini.com\/it\/servizi\/","og_site_name":"Ca&#039; Bonvicini Venezia - Official Website","twitter_card":"summary","twitter_misc":{"Tempo di lettura stimato":"1 minuto"},"schema":{"@context":"https:\/\/schema.org","@graph":[{"@type":"Organization","@id":"https:\/\/www.cabonvicini.com\/it\/#organization","name":"Ca' Bonvicini B&B - Venezia","url":"https:\/\/www.cabonvicini.com\/it\/","sameAs":[],"logo":{"@type":"ImageObject","@id":"https:\/\/www.cabonvicini.com\/it\/#logo","inLanguage":"it-IT","url":"https:\/\/www.cabonvicini.com\/wp-content\/uploads\/2016\/02\/logo-bonvicini3.png","contentUrl":"https:\/\/www.cabonvicini.com\/wp-content\/uploads\/2016\/02\/logo-bonvicini3.png","width":243,"height":95,"caption":"Ca' Bonvicini B&B - Venezia"},"image":{"@id":"https:\/\/www.cabonvicini.com\/it\/#logo"}},{"@type":"WebSite","@id":"https:\/\/www.cabonvicini.com\/it\/#website","url":"https:\/\/www.cabonvicini.com\/it\/","name":"Ca&#039; Bonvicini Venezia - Official Website","description":"","publisher":{"@id":"https:\/\/www.cabonvicini.com\/it\/#organization"},"potentialAction":[{"@type":"SearchAction","target":{"@type":"EntryPoint","urlTemplate":"https:\/\/www.cabonvicini.com\/it\/?s={search_term_string}"},"query-input":"required name=search_term_string"}],"inLanguage":"it-IT"},{"@type":"WebPage","@id":"https:\/\/www.cabonvicini.com\/it\/servizi\/#webpage","url":"https:\/\/www.cabonvicini.com\/it\/servizi\/","name":"Servizi - Ca&#039; Bonvicini Venezia - Official Website","isPartOf":{"@id":"https:\/\/www.cabonvicini.com\/it\/#website"},"datePublished":"2023-04-12T16:24:28+00:00","dateModified":"2023-04-12T16:24:28+00:00","breadcrumb":{"@id":"https:\/\/www.cabonvicini.com\/it\/servizi\/#breadcrumb"},"inLanguage":"it-IT","potentialAction":[{"@type":"ReadAction","target":["https:\/\/www.cabonvicini.com\/it\/servizi\/"]}]},{"@type":"BreadcrumbList","@id":"https:\/\/www.cabonvicini.com\/it\/servizi\/#breadcrumb","itemListElement":[{"@type":"ListItem","position":1,"name":"Home","item":"https:\/\/www.cabonvicini.com\/it\/"},{"@type":"ListItem","position":2,"name":"Servizi"}]}]}},"_links":{"self":[{"href":"https:\/\/www.cabonvicini.com\/it\/wp-json\/wp\/v2\/pages\/133"}],"collection":[{"href":"https:\/\/www.cabonvicini.com\/it\/wp-json\/wp\/v2\/pages"}],"about":[{"href":"https:\/\/www.cabonvicini.com\/it\/wp-json\/wp\/v2\/types\/page"}],"author":[{"embeddable":true,"href":"https:\/\/www.cabonvicini.com\/it\/wp-json\/wp\/v2\/users\/1"}],"replies":[{"embeddable":true,"href":"https:\/\/www.cabonvicini.com\/it\/wp-json\/wp\/v2\/comments?post=133"}],"version-history":[{"count":2,"href":"https:\/\/www.cabonvicini.com\/it\/wp-json\/wp\/v2\/pages\/133\/revisions"}],"predecessor-version":[{"id":135,"href":"https:\/\/www.cabonvicini.com\/it\/wp-json\/wp\/v2\/pages\/133\/revisions\/135"}],"wp:attachment":[{"href":"https:\/\/www.cabonvicini.com\/it\/wp-json\/wp\/v2\/media?parent=133"}],"curies":[{"name":"wp","href":"https:\/\/api.w.org\/{rel}","templated":true}]}}